{"id":912,"date":"2022-03-26T13:56:00","date_gmt":"2022-03-26T12:56:00","guid":{"rendered":"http:\/\/naturellement-belle.ch\/?post_type=product&#038;p=912"},"modified":"2022-03-26T13:57:32","modified_gmt":"2022-03-26T12:57:32","slug":"pomme-damour","status":"publish","type":"product","link":"https:\/\/naturellement-belle.ch\/index.php\/produit\/pomme-damour\/","title":{"rendered":"Pomme d&#8217;amour"},"content":{"rendered":"<div class=\"body field field-name-body field-type-text-with-summary field-label-above\">\n<div class=\"body field field-name-body field-type-text-with-summary field-label-above\">\n<div class=\"body field field-name-body field-type-text-with-summary field-label-above\">\n<table border=\"1\" cellspacing=\"1\" cellpadding=\"1\">\n<tbody>\n<tr>\n<td><strong>Volume :<\/strong><\/td>\n<td>250 g ou 1kg<\/td>\n<\/tr>\n<tr>\n<td><strong>Emballage :<\/strong><\/td>\n<td>250 g dans un bocal en verre recyclable \/\u00a01 kg dans un pot en PET recyclable<\/td>\n<\/tr>\n<tr>\n<td><strong>Parfum :<\/strong><\/td>\n<td>Fruit\u00e9 et sucr\u00e9<\/td>\n<\/tr>\n<tr>\n<td><strong>Dur\u00e9e de conservation :<\/strong><\/td>\n<td>6 mois apr\u00e8s la premi\u00e8re utilisation<\/td>\n<\/tr>\n<\/tbody>\n<\/table>\n<table border=\"1\" cellspacing=\"1\" cellpadding=\"1\">\n<tbody>\n<tr>\n<td><strong>EN SAVOIR PLUS<\/strong><\/p>\n<p>Le sel de bain pomme d&#8217;amour vous fait faire un retour en enfance gr\u00e2ce \u00e0 son parfum de pomme d&#8217;amour des f\u00eates foraines.<\/td>\n<\/tr>\n<\/tbody>\n<\/table>\n<p>&nbsp;<\/p>\n<\/div>\n<h3>Composition<\/h3>\n<div class=\"field-composition field field-name-field-composition field-type-text-long field-label-above\">\n<p>\u00a0Sodium Chloride (sea salt), Parfum \/ Fragrance , Rosa Damascena Flower.<\/p>\n<\/div>\n<\/div>\n<\/div>\n","protected":false},"excerpt":{"rendered":"<p>Volume : 250 g ou 1kg Emballage : 250 g dans un bocal en verre recyclable \/\u00a01 kg dans un pot en PET recyclable Parfum : Fruit\u00e9 et sucr\u00e9 Dur\u00e9e de conservation : 6 mois apr\u00e8s la premi\u00e8re utilisation EN SAVOIR PLUS Le sel de bain pomme d&#8217;amour vous fait faire un retour en enfance &hellip; <a href=\"https:\/\/naturellement-belle.ch\/index.php\/produit\/pomme-damour\/\" class=\"more-link\">Continue reading<span class=\"screen-reader-text\"> &#8220;Pomme d&#8217;amour&#8221;<\/span><\/a><\/p>\n","protected":false},"featured_media":915,"comment_status":"open","ping_status":"closed","template":"","meta":{"om_disable_all_campaigns":false,"_monsterinsights_skip_tracking":false,"_monsterinsights_sitenote_active":false,"_monsterinsights_sitenote_note":"","_monsterinsights_sitenote_category":0},"product_cat":[41],"product_tag":[],"_links":{"self":[{"href":"https:\/\/naturellement-belle.ch\/index.php\/wp-json\/wp\/v2\/product\/912"}],"collection":[{"href":"https:\/\/naturellement-belle.ch\/index.php\/wp-json\/wp\/v2\/product"}],"about":[{"href":"https:\/\/naturellement-belle.ch\/index.php\/wp-json\/wp\/v2\/types\/product"}],"replies":[{"embeddable":true,"href":"https:\/\/naturellement-belle.ch\/index.php\/wp-json\/wp\/v2\/comments?post=912"}],"wp:featuredmedia":[{"embeddable":true,"href":"https:\/\/naturellement-belle.ch\/index.php\/wp-json\/wp\/v2\/media\/915"}],"wp:attachment":[{"href":"https:\/\/naturellement-belle.ch\/index.php\/wp-json\/wp\/v2\/media?parent=912"}],"wp:term":[{"taxonomy":"product_cat","embeddable":true,"href":"https:\/\/naturellement-belle.ch\/index.php\/wp-json\/wp\/v2\/product_cat?post=912"},{"taxonomy":"product_tag","embeddable":true,"href":"https:\/\/naturellement-belle.ch\/index.php\/wp-json\/wp\/v2\/product_tag?post=912"}],"curies":[{"name":"wp","href":"https:\/\/api.w.org\/{rel}","templated":true}]}}