{"id":924,"date":"2022-03-26T14:01:11","date_gmt":"2022-03-26T13:01:11","guid":{"rendered":"http:\/\/naturellement-belle.ch\/?post_type=product&#038;p=924"},"modified":"2022-03-26T14:04:36","modified_gmt":"2022-03-26T13:04:36","slug":"attrape-reves","status":"publish","type":"product","link":"https:\/\/naturellement-belle.ch\/index.php\/produit\/attrape-reves\/","title":{"rendered":"Attrape r\u00eaves"},"content":{"rendered":"<div class=\"body field field-name-body field-type-text-with-summary field-label-above\">\n<table border=\"1\" cellspacing=\"1\" cellpadding=\"1\">\n<tbody>\n<tr>\n<td><strong>Volume :<\/strong><\/td>\n<td>250 g ou 1 kg<\/td>\n<\/tr>\n<tr>\n<td><strong>Emballage :<\/strong><\/td>\n<td>250g dans un bocal en verre recyclable \/\u00a01 kg dans un pot en PET recyclable<\/td>\n<\/tr>\n<tr>\n<td><strong>Temps de conservation :<\/strong><\/td>\n<td>6 mois apr\u00e8s la premi\u00e8re utilisation<\/td>\n<\/tr>\n<tr>\n<td><strong>Huiles essentielles :<\/strong><\/td>\n<td>Camomille Romaine bio, lavande bio, petit grain bigarade<\/td>\n<\/tr>\n<\/tbody>\n<\/table>\n<table border=\"1\" cellspacing=\"1\" cellpadding=\"1\">\n<tbody>\n<tr>\n<td><strong>EN SAVOIR PLUS<\/strong><\/p>\n<p>Gr\u00e2ce \u00e0 la synergie de ces 3 huiles essentielles et\u00a0aux vertus relaxantes connues de\u00a0la Camomille romaine \/ lavande et petit grain de bigarade\u00a0qui sont depuis longue date r\u00e9put\u00e9e pour faciliter la relaxation et passer des nuits paisibles. Alors laissez vous bercer dans les bras de Morph\u00e9e et offrez vous un moment d&#8217;apaisement et relaxation.<\/td>\n<\/tr>\n<\/tbody>\n<\/table>\n<p>&nbsp;<\/p>\n<\/div>\n<h3>Composition<\/h3>\n<div class=\"field-composition field field-name-field-composition field-type-text-long field-label-above\">\n<p>\u00a0Sodium Chloride (Sea Salt),\u00a0Lavandula Angustifolia Oil*, Anthemis Nobilis Flower Oil*, Citrus Aurantium Amara Leaf \/ Twig Oil*, Calendula Officinalis Flower, Geraniol**, Limonene**, Linalool**, Citral**.<\/p>\n<p>*Issu de l\u2019agriculture biologique, from organic farming<\/p>\n<p>**Aux huiles essentielles, from essential oils<\/p>\n<\/div>\n","protected":false},"excerpt":{"rendered":"<p>Volume : 250 g ou 1 kg Emballage : 250g dans un bocal en verre recyclable \/\u00a01 kg dans un pot en PET recyclable Temps de conservation : 6 mois apr\u00e8s la premi\u00e8re utilisation Huiles essentielles : Camomille Romaine bio, lavande bio, petit grain bigarade EN SAVOIR PLUS Gr\u00e2ce \u00e0 la synergie de ces 3 &hellip; <a href=\"https:\/\/naturellement-belle.ch\/index.php\/produit\/attrape-reves\/\" class=\"more-link\">Continue reading<span class=\"screen-reader-text\"> &#8220;Attrape r\u00eaves&#8221;<\/span><\/a><\/p>\n","protected":false},"featured_media":927,"comment_status":"open","ping_status":"closed","template":"","meta":{"om_disable_all_campaigns":false,"_monsterinsights_skip_tracking":false,"_monsterinsights_sitenote_active":false,"_monsterinsights_sitenote_note":"","_monsterinsights_sitenote_category":0},"product_cat":[41],"product_tag":[],"_links":{"self":[{"href":"https:\/\/naturellement-belle.ch\/index.php\/wp-json\/wp\/v2\/product\/924"}],"collection":[{"href":"https:\/\/naturellement-belle.ch\/index.php\/wp-json\/wp\/v2\/product"}],"about":[{"href":"https:\/\/naturellement-belle.ch\/index.php\/wp-json\/wp\/v2\/types\/product"}],"replies":[{"embeddable":true,"href":"https:\/\/naturellement-belle.ch\/index.php\/wp-json\/wp\/v2\/comments?post=924"}],"wp:featuredmedia":[{"embeddable":true,"href":"https:\/\/naturellement-belle.ch\/index.php\/wp-json\/wp\/v2\/media\/927"}],"wp:attachment":[{"href":"https:\/\/naturellement-belle.ch\/index.php\/wp-json\/wp\/v2\/media?parent=924"}],"wp:term":[{"taxonomy":"product_cat","embeddable":true,"href":"https:\/\/naturellement-belle.ch\/index.php\/wp-json\/wp\/v2\/product_cat?post=924"},{"taxonomy":"product_tag","embeddable":true,"href":"https:\/\/naturellement-belle.ch\/index.php\/wp-json\/wp\/v2\/product_tag?post=924"}],"curies":[{"name":"wp","href":"https:\/\/api.w.org\/{rel}","templated":true}]}}