{"id":928,"date":"2022-03-26T14:05:26","date_gmt":"2022-03-26T13:05:26","guid":{"rendered":"http:\/\/naturellement-belle.ch\/?post_type=product&#038;p=928"},"modified":"2022-03-26T14:06:46","modified_gmt":"2022-03-26T13:06:46","slug":"baiser-indien","status":"publish","type":"product","link":"https:\/\/naturellement-belle.ch\/index.php\/produit\/baiser-indien\/","title":{"rendered":"Baiser Indien"},"content":{"rendered":"<div class=\"body field field-name-body field-type-text-with-summary field-label-above\">\n<table border=\"1\" cellspacing=\"1\" cellpadding=\"1\">\n<tbody>\n<tr>\n<td><strong>Volume :<\/strong><\/td>\n<td>250 g ou 1kg<\/td>\n<\/tr>\n<tr>\n<td><strong>Emballage :<\/strong><\/td>\n<td>250 g dans un bocal en verre recyclable \/\u00a01 kg dans un pot en PET recyclable<\/td>\n<\/tr>\n<tr>\n<td><strong>Parfum et huile essentielle :<\/strong><\/td>\n<td>Fabriqu\u00e9s \u00e0 Grasse.\u00a0Gourmande &#8211; bois\u00e9e &#8211; florale &#8211; fruit\u00e9e &#8211; chypre.<\/p>\n<p>Huile essentielle de pamplemousse sans fucomarines bio.<\/td>\n<\/tr>\n<tr>\n<td><strong>Dur\u00e9e de conservation :<\/strong><\/td>\n<td>6 mois apr\u00e8s la premi\u00e8re utilisation<\/td>\n<\/tr>\n<\/tbody>\n<\/table>\n<table border=\"1\" cellspacing=\"1\" cellpadding=\"1\">\n<tbody>\n<tr>\n<td><strong>EN SAVOIR PLUS<\/strong><\/p>\n<p>Offrez vous un moment d&#8217;apaisement et relaxation.\u00a0Enveloppez-vous d\u2018une douce chaleur et profitez d\u2018une v\u00e9ritable \u00e9vasion olfactive.\u00a0Ce parfum offre une note subtile de fraicheur aux agrumes\u00a0il permet d\u2019offrir une senteur fleuri et bois\u00e9e.\u00a0Tonifiants, d\u00e9lassants ou\u00a0r\u00e9confortants, ces cristaux de bain font merveille apr\u00e8s une journ\u00e9e stressante.<\/td>\n<\/tr>\n<\/tbody>\n<\/table>\n<\/div>\n<h3>Composition<\/h3>\n<div class=\"field-composition field field-name-field-composition field-type-text-long field-label-above\">\n<p>\u00a0Sodium Chloride (Sea salt); Parfum\/ Fragrance, Limonene**, Citrus Paradisi Peel Oil*, Hibiscus Sabdariffa Flower, Citral**, Hydroxycitronellal**, Linalool**.<\/p>\n<p>*Issu de l\u2019agriculture biologique \/ From organic farming<\/p>\n<p>**Allerg\u00e8nes pr\u00e9sents dans le parfum \/ Allergens present in\u00a0the fragrance<\/p>\n<\/div>\n","protected":false},"excerpt":{"rendered":"<p>Volume : 250 g ou 1kg Emballage : 250 g dans un bocal en verre recyclable \/\u00a01 kg dans un pot en PET recyclable Parfum et huile essentielle : Fabriqu\u00e9s \u00e0 Grasse.\u00a0Gourmande &#8211; bois\u00e9e &#8211; florale &#8211; fruit\u00e9e &#8211; chypre. Huile essentielle de pamplemousse sans fucomarines bio. Dur\u00e9e de conservation : 6 mois apr\u00e8s la &hellip; <a href=\"https:\/\/naturellement-belle.ch\/index.php\/produit\/baiser-indien\/\" class=\"more-link\">Continue reading<span class=\"screen-reader-text\"> &#8220;Baiser Indien&#8221;<\/span><\/a><\/p>\n","protected":false},"featured_media":931,"comment_status":"open","ping_status":"closed","template":"","meta":{"om_disable_all_campaigns":false,"_monsterinsights_skip_tracking":false,"_monsterinsights_sitenote_active":false,"_monsterinsights_sitenote_note":"","_monsterinsights_sitenote_category":0},"product_cat":[41],"product_tag":[],"_links":{"self":[{"href":"https:\/\/naturellement-belle.ch\/index.php\/wp-json\/wp\/v2\/product\/928"}],"collection":[{"href":"https:\/\/naturellement-belle.ch\/index.php\/wp-json\/wp\/v2\/product"}],"about":[{"href":"https:\/\/naturellement-belle.ch\/index.php\/wp-json\/wp\/v2\/types\/product"}],"replies":[{"embeddable":true,"href":"https:\/\/naturellement-belle.ch\/index.php\/wp-json\/wp\/v2\/comments?post=928"}],"wp:featuredmedia":[{"embeddable":true,"href":"https:\/\/naturellement-belle.ch\/index.php\/wp-json\/wp\/v2\/media\/931"}],"wp:attachment":[{"href":"https:\/\/naturellement-belle.ch\/index.php\/wp-json\/wp\/v2\/media?parent=928"}],"wp:term":[{"taxonomy":"product_cat","embeddable":true,"href":"https:\/\/naturellement-belle.ch\/index.php\/wp-json\/wp\/v2\/product_cat?post=928"},{"taxonomy":"product_tag","embeddable":true,"href":"https:\/\/naturellement-belle.ch\/index.php\/wp-json\/wp\/v2\/product_tag?post=928"}],"curies":[{"name":"wp","href":"https:\/\/api.w.org\/{rel}","templated":true}]}}